{"id":52,"date":"2025-01-18T23:59:40","date_gmt":"2025-01-18T22:59:40","guid":{"rendered":"https:\/\/thibaudflury.fr\/?page_id=52"},"modified":"2025-06-20T13:48:27","modified_gmt":"2025-06-20T11:48:27","slug":"accueil","status":"publish","type":"page","link":"https:\/\/thibaudflury.fr\/","title":{"rendered":"#UTMB 2024"},"content":{"rendered":"\t\t<div data-elementor-type=\"wp-page\" data-elementor-id=\"52\" class=\"elementor elementor-52\">\n\t\t\t\t<div class=\"elementor-element elementor-element-45419ab e-con-full e-flex e-con e-parent\" data-id=\"45419ab\" data-element_type=\"container\">\n\t\t<div class=\"elementor-element elementor-element-7844fdf e-con-full e-flex e-con e-child\" data-id=\"7844fdf\" data-element_type=\"container\">\n\t\t\t\t<div class=\"elementor-element elementor-element-032b890 elementor-widget elementor-widget-heading\" data-id=\"032b890\" data-element_type=\"widget\" data-widget_type=\"heading.default\">\n\t\t\t\t<div class=\"elementor-widget-container\">\n\t\t\t\t\t<h2 class=\"elementor-heading-title elementor-size-default\">les escargots aussi, r\u00eavent d'\u00e9toiles filantes<\/h2>\t\t\t\t<\/div>\n\t\t\t\t<\/div>\n\t\t\t\t<\/div>\n\t\t<div class=\"elementor-element elementor-element-80eb227 e-con-full e-flex e-con e-child\" data-id=\"80eb227\" data-element_type=\"container\">\n\t\t\t\t<div class=\"elementor-element elementor-element-46c61fa elementor-widget elementor-widget-text-editor\" data-id=\"46c61fa\" data-element_type=\"widget\" data-widget_type=\"text-editor.default\">\n\t\t\t\t<div class=\"elementor-widget-container\">\n\t\t\t\t\t\t\t\t\t<p class=\"p2\"><span class=\"s1\"><b>Qu\u2019est-ce qui pousse un coureur amateur \u00e0 consacrer six mois de sa vie \u00e0 un caprice montagneux de 170\u00a0kilom\u00e8tres et 10\u00a0000\u00a0m\u00e8tres de d\u00e9nivel\u00e9\u00a0? Une obsession\u00a0? Une fuite\u00a0? Ou le besoin vital de trouver du sens gr\u00e2ce \u00e0 l\u2019inutile\u00a0?<\/b><\/span><\/p><p class=\"p2\"><span class=\"s2\"><b>\u202f<\/b><\/span><span class=\"s1\"><b>Je ne cours pas pour fuir. Je cours pour comprendre. Pour vivre un peu plus fort.<\/b><\/span><\/p><p class=\"p2\"><span class=\"s1\">Je m\u2019appelle Thibaud, 48\u00a0ans, mari\u00e9, p\u00e8re d\u2019une petite tornade, un corps caboss\u00e9\u2026 et un r\u00eave un peu trop grand pour moi\u00a0: franchir la ligne d\u2019arriv\u00e9e de l\u2019Ultra-Trail du Mont-Blanc.<\/span><\/p><p class=\"p2\"><span class=\"s1\">Ce livre raconte la pr\u00e9paration qui m\u00e8ne \u00e0 cette course mythique. C\u2019est aussi un journal fragment\u00e9 et sinc\u00e8re, tiss\u00e9 de gal\u00e8res et de petites victoires intimes. Six mois d\u2019incertitude, de tendinites, de sorties loup\u00e9es et d\u2019envies de tout plaquer. Six mois \u00e0 jongler entre l\u2019entra\u00eenement, la vie de famille, les bobos, la m\u00e9t\u00e9o et le boulot. <br \/>Un chapitre sur deux, je vous emm\u00e8ne sur le sentier de la course, au plus pr\u00e8s du souffle, du doute et de la montagne. De jour comme de nuit, un pas apr\u00e8s l\u2019autre, pour faire la cour \u00e0 cette belle meringue blanche qui veille sur l\u2019Europe. <\/span><\/p><p class=\"p3\"><span class=\"s1\">Tous les coureurs, t\u00f4t ou tard, se posent cette m\u00eame question. Sur la ligne de d\u00e9part, dans la mont\u00e9e d\u2019un col, ou au plus profond de la souffrance,<i> qu\u2019est-ce que je fous l\u00e0\u00a0?<\/i><\/span><\/p><p class=\"p3\"><span class=\"s1\">J\u2019ai \u00e9crit ce livre pour tenter d\u2019y r\u00e9pondre.<\/span><\/p><p class=\"p2\"><span class=\"s1\">Ici, pas de h\u00e9ros, pas de chronos qui claquent. Juste un escargot qui, un jour, a lev\u00e9 les yeux\u2026 et d\u00e9cid\u00e9 de croire aux \u00e9toiles filantes.<\/span><\/p>\t\t\t\t\t\t\t\t<\/div>\n\t\t\t\t<\/div>\n\t\t<div class=\"elementor-element elementor-element-6bccee6 e-con-full e-flex e-con e-child\" data-id=\"6bccee6\" data-element_type=\"container\">\n\t\t<div class=\"elementor-element elementor-element-b0ce302 e-con-full e-flex e-con e-child\" data-id=\"b0ce302\" data-element_type=\"container\">\n\t\t<div class=\"elementor-element elementor-element-05152d0 e-con-full e-flex e-con e-child\" data-id=\"05152d0\" data-element_type=\"container\">\n\t\t\t\t<div class=\"elementor-element elementor-element-30a3431 elementor-widget elementor-widget-text-editor\" data-id=\"30a3431\" data-element_type=\"widget\" data-widget_type=\"text-editor.default\">\n\t\t\t\t<div class=\"elementor-widget-container\">\n\t\t\t\t\t\t\t\t\t<p><span class=\"s1\" style=\"font-size: 21px;\"><i>&#8220;Le destin m\u2019a lanc\u00e9 un d\u00e9fi. Me voil\u00e0 pr\u00eat \u00e0 le relever, un pas apr\u00e8s l\u2019autre, jusqu\u2019\u00e0 l\u2019arche de la victoire.&#8221;<\/i><\/span><\/p>\t\t\t\t\t\t\t\t<\/div>\n\t\t\t\t<\/div>\n\t\t\t\t<\/div>\n\t\t\t\t<div class=\"elementor-element elementor-element-1e045e9 elementor-widget elementor-widget-image\" data-id=\"1e045e9\" data-element_type=\"widget\" data-widget_type=\"image.default\">\n\t\t\t\t<div class=\"elementor-widget-container\">\n\t\t\t\t\t\t\t\t\t\t\t\t\t\t\t\t<a href=\"https:\/\/amzn.eu\/d\/ih3hMzj\">\n\t\t\t\t\t\t\t<img fetchpriority=\"high\" decoding=\"async\" width=\"822\" height=\"700\" src=\"https:\/\/thibaudflury.fr\/wp-content\/uploads\/2025\/06\/Free_Book_Mockup_1-2.png\" class=\"attachment-large size-large wp-image-278\" alt=\"\" srcset=\"https:\/\/thibaudflury.fr\/wp-content\/uploads\/2025\/06\/Free_Book_Mockup_1-2.png 822w, https:\/\/thibaudflury.fr\/wp-content\/uploads\/2025\/06\/Free_Book_Mockup_1-2-300x255.png 300w, https:\/\/thibaudflury.fr\/wp-content\/uploads\/2025\/06\/Free_Book_Mockup_1-2-768x654.png 768w\" sizes=\"(max-width: 822px) 100vw, 822px\" \/>\t\t\t\t\t\t\t\t<\/a>\n\t\t\t\t\t\t\t\t\t\t\t\t\t\t\t<\/div>\n\t\t\t\t<\/div>\n\t\t\t\t<\/div>\n\t\t\t\t<div class=\"elementor-element elementor-element-187a608 elementor-button-info e-transform elementor-align-center elementor-widget elementor-widget-button\" data-id=\"187a608\" data-element_type=\"widget\" data-settings=\"{&quot;_transform_translateY_effect&quot;:{&quot;unit&quot;:&quot;px&quot;,&quot;size&quot;:0,&quot;sizes&quot;:[]},&quot;_transform_translateX_effect&quot;:{&quot;unit&quot;:&quot;px&quot;,&quot;size&quot;:&quot;&quot;,&quot;sizes&quot;:[]},&quot;_transform_translateX_effect_tablet&quot;:{&quot;unit&quot;:&quot;px&quot;,&quot;size&quot;:&quot;&quot;,&quot;sizes&quot;:[]},&quot;_transform_translateX_effect_mobile&quot;:{&quot;unit&quot;:&quot;px&quot;,&quot;size&quot;:&quot;&quot;,&quot;sizes&quot;:[]},&quot;_transform_translateY_effect_tablet&quot;:{&quot;unit&quot;:&quot;px&quot;,&quot;size&quot;:&quot;&quot;,&quot;sizes&quot;:[]},&quot;_transform_translateY_effect_mobile&quot;:{&quot;unit&quot;:&quot;px&quot;,&quot;size&quot;:&quot;&quot;,&quot;sizes&quot;:[]}}\" data-widget_type=\"button.default\">\n\t\t\t\t<div class=\"elementor-widget-container\">\n\t\t\t\t\t\t\t\t\t<div class=\"elementor-button-wrapper\">\n\t\t\t\t\t<a class=\"elementor-button elementor-button-link elementor-size-sm\" href=\"https:\/\/amzn.eu\/d\/ih3hMzj\">\n\t\t\t\t\t\t<span class=\"elementor-button-content-wrapper\">\n\t\t\t\t\t\t<span class=\"elementor-button-icon\">\n\t\t\t\t<svg aria-hidden=\"true\" class=\"e-font-icon-svg e-fab-amazon\" viewBox=\"0 0 448 512\" xmlns=\"http:\/\/www.w3.org\/2000\/svg\"><path d=\"M257.2 162.7c-48.7 1.8-169.5 15.5-169.5 117.5 0 109.5 138.3 114 183.5 43.2 6.5 10.2 35.4 37.5 45.3 46.8l56.8-56S341 288.9 341 261.4V114.3C341 89 316.5 32 228.7 32 140.7 32 94 87 94 136.3l73.5 6.8c16.3-49.5 54.2-49.5 54.2-49.5 40.7-.1 35.5 29.8 35.5 69.1zm0 86.8c0 80-84.2 68-84.2 17.2 0-47.2 50.5-56.7 84.2-57.8v40.6zm136 163.5c-7.7 10-70 67-174.5 67S34.2 408.5 9.7 379c-6.8-7.7 1-11.3 5.5-8.3C88.5 415.2 203 488.5 387.7 401c7.5-3.7 13.3 2 5.5 12zm39.8 2.2c-6.5 15.8-16 26.8-21.2 31-5.5 4.5-9.5 2.7-6.5-3.8s19.3-46.5 12.7-55c-6.5-8.3-37-4.3-48-3.2-10.8 1-13 2-14-.3-2.3-5.7 21.7-15.5 37.5-17.5 15.7-1.8 41-.8 46 5.7 3.7 5.1 0 27.1-6.5 43.1z\"><\/path><\/svg>\t\t\t<\/span>\n\t\t\t\t\t\t\t\t\t<span class=\"elementor-button-text\">Acheter sur Amazon<\/span>\n\t\t\t\t\t<\/span>\n\t\t\t\t\t<\/a>\n\t\t\t\t<\/div>\n\t\t\t\t\t\t\t\t<\/div>\n\t\t\t\t<\/div>\n\t\t\t\t<\/div>\n\t\t\t\t<\/div>\n\t\t\t\t<\/div>\n\t\t<div class=\"elementor-element elementor-element-e6bb3ef e-flex e-con-boxed e-con e-parent\" data-id=\"e6bb3ef\" data-element_type=\"container\">\n\t\t\t\t\t<div class=\"e-con-inner\">\n\t\t\t\t<div class=\"elementor-element elementor-element-3f0b08d elementor-widget-divider--view-line_icon elementor-view-default elementor-widget-divider--element-align-center elementor-widget elementor-widget-divider\" data-id=\"3f0b08d\" data-element_type=\"widget\" data-widget_type=\"divider.default\">\n\t\t\t\t<div class=\"elementor-widget-container\">\n\t\t\t\t\t\t\t<div class=\"elementor-divider\">\n\t\t\t<span class=\"elementor-divider-separator\">\n\t\t\t\t\t\t\t<div class=\"elementor-icon elementor-divider__element\">\n\t\t\t\t\t<svg aria-hidden=\"true\" class=\"e-font-icon-svg e-fas-star\" viewBox=\"0 0 576 512\" xmlns=\"http:\/\/www.w3.org\/2000\/svg\"><path d=\"M259.3 17.8L194 150.2 47.9 171.5c-26.2 3.8-36.7 36.1-17.7 54.6l105.7 103-25 145.5c-4.5 26.3 23.2 46 46.4 33.7L288 439.6l130.7 68.7c23.2 12.2 50.9-7.4 46.4-33.7l-25-145.5 105.7-103c19-18.5 8.5-50.8-17.7-54.6L382 150.2 316.7 17.8c-11.7-23.6-45.6-23.9-57.4 0z\"><\/path><\/svg><\/div>\n\t\t\t\t\t\t<\/span>\n\t\t<\/div>\n\t\t\t\t\t\t<\/div>\n\t\t\t\t<\/div>\n\t\t\t\t<div class=\"elementor-element elementor-element-bea6119 elementor-widget elementor-widget-heading\" data-id=\"bea6119\" data-element_type=\"widget\" id=\"citations\" data-widget_type=\"heading.default\">\n\t\t\t\t<div class=\"elementor-widget-container\">\n\t\t\t\t\t<h2 class=\"elementor-heading-title elementor-size-default\">Ils en parlent . . .<\/h2>\t\t\t\t<\/div>\n\t\t\t\t<\/div>\n\t\t\t\t<div class=\"elementor-element elementor-element-70157c6 elementor-widget elementor-widget-text-editor\" data-id=\"70157c6\" data-element_type=\"widget\" data-widget_type=\"text-editor.default\">\n\t\t\t\t<div class=\"elementor-widget-container\">\n\t\t\t\t\t\t\t\t\t<p class=\"p1\" style=\"text-align: center;\"><span style=\"font-family: Montserrat; font-size: 16px;\"><em>\u00ab Enfin, un livre qui me permettra de progresser \u00bb\u00a0<\/em> \u00a0 <strong><span style=\"font-family: 'Crimson Pro';\">Kilian J.<\/span><\/strong><\/span><\/p><p class=\"p1\" style=\"text-align: center;\"><span style=\"font-family: Montserrat; font-size: 16px;\"><em>***<\/em><\/span><\/p><p class=\"p1\" style=\"text-align: center;\"><span style=\"font-family: Montserrat; font-size: 16px;\"><em>\u00ab En plus, le papier est \u00e9pais, tr\u00e8s pratique pour allumer le barbecue \u00bb\u00a0<\/em> \u00a0 <\/span><strong><span style=\"font-family: 'Crimson Pro'; font-size: 16px;\">Amicale des cueilleurs de G\u00e9n\u00e9pi Valaisins.<\/span><\/strong><\/p><p>***<\/p><p class=\"p1\" style=\"text-align: center;\"><span style=\"font-family: Montserrat; font-size: 16px;\"><em>\u00ab Tr\u00e8s, tr\u00e8s, tr\u00e8s bon ! Depuis que j\u2019ai d\u00e9couvert le livre de Thibaud, je fais des crottes de papier m\u00e2ch\u00e9. \u00bb<\/em>\u00a0 \u00a0 <strong><span style=\"font-family: 'Crimson Pro';\">Radio Marmotte<\/span><\/strong><\/span><\/p><p>***<\/p><p class=\"p1\" style=\"text-align: center;\"><em><span style=\"font-family: Montserrat; font-size: 16px;\">\u00ab\u00a0Demain, \u00e0 l\u2019aurore, \u00e0 l\u2019heure ou rougeoie la montagne,<\/span><\/em><\/p><p class=\"p1\" style=\"text-align: center;\"><em><span style=\"font-family: Montserrat; font-size: 16px;\">je partirai, vois-tu, sur les chemins du Mont-Blanc.<\/span><\/em><\/p><p class=\"p1\" style=\"text-align: center;\"><em><span style=\"font-family: Montserrat; font-size: 16px;\">J\u2019irais par la for\u00eat, j\u2019irais par la campagne,<\/span><\/em><\/p><p class=\"p1\" style=\"text-align: center;\"><span style=\"font-family: Montserrat; font-size: 16px;\"><em>Je sais que le trail de Thibaud m\u2019attend<span class=\"Apple-converted-space\">\u00a0 <\/span>\u00a0\u00bb<\/em>\u00a0 \u00a0 <strong><span style=\"font-family: 'Crimson Pro';\">Victor H.<\/span><\/strong><\/span><\/p><p>***<\/p><p class=\"p1\" style=\"text-align: center;\"><span style=\"font-family: Montserrat; font-size: 16px;\"><em>\u00ab J\u2019ai enfin appris quelque chose. Et puis, c\u2019est plus marrant que de me taper des comptes-rendus de r\u00e9unions insipides \u00bb\u00a0<\/em> \u00a0 <strong><span style=\"font-family: 'Crimson Pro';\">Chaton G. PT.<\/span><\/strong><\/span><\/p><p>***<\/p><p class=\"p1\" style=\"text-align: center;\"><span style=\"font-family: Montserrat; font-size: 16px;\"><em>\u00ab C\u2019est trop bien ton livre, papa. Quand on commence on ne voudrait jamais arr\u00eater \u00bb\u00a0<\/em> \u00a0 <strong><span style=\"font-family: 'Crimson Pro';\">Eden F.<\/span><\/strong><\/span><\/p><p>***<\/p><p class=\"p1\" style=\"text-align: center;\"><span style=\"font-family: Montserrat; font-size: 16px;\"><em>\u00ab\u00a0Bloup ! Bloup !\u00a0\u00bb\u00a0<\/em> \u00a0 <strong><span style=\"font-family: 'Crimson Pro';\">Mon poisson rouge<\/span><\/strong><\/span><\/p><p>***<\/p><p class=\"p1\" style=\"text-align: center;\"><span style=\"font-family: Montserrat; font-size: 16px;\"><em>\u00ab\u00a0Vite, je dois en commander beaucoup. Avant les ruptures de stock de la fin d\u2019ann\u00e9e\u00a0\u00bb<\/em> \u00a0 \u00a0 <strong><span style=\"font-family: 'Crimson Pro';\">Petit Papa N.<\/span><\/strong><\/span><\/p><p>***<\/p><p class=\"p1\" style=\"text-align: center;\"><span style=\"font-family: Montserrat; font-size: 16px;\"><em>\u00ab\u00a0Sai NUL ! sai malle aikri\u00a0\u00bb \u00a0<\/em> \u00a0 <strong><span style=\"font-family: 'Crimson Pro';\">Bernard-Henri de la V.<\/span><\/strong><\/span><\/p>\t\t\t\t\t\t\t\t<\/div>\n\t\t\t\t<\/div>\n\t\t\t\t\t<\/div>\n\t\t\t\t<\/div>\n\t\t<div class=\"elementor-element elementor-element-2a4a9e2 e-flex e-con-boxed e-con e-parent\" data-id=\"2a4a9e2\" data-element_type=\"container\">\n\t\t\t\t\t<div class=\"e-con-inner\">\n\t\t\t\t<div class=\"elementor-element elementor-element-92c8a65 elementor-widget-divider--view-line_icon elementor-view-default elementor-widget-divider--element-align-center elementor-widget elementor-widget-divider\" data-id=\"92c8a65\" data-element_type=\"widget\" data-widget_type=\"divider.default\">\n\t\t\t\t<div class=\"elementor-widget-container\">\n\t\t\t\t\t\t\t<div class=\"elementor-divider\">\n\t\t\t<span class=\"elementor-divider-separator\">\n\t\t\t\t\t\t\t<div class=\"elementor-icon elementor-divider__element\">\n\t\t\t\t\t<svg aria-hidden=\"true\" class=\"e-font-icon-svg e-fas-star\" viewBox=\"0 0 576 512\" xmlns=\"http:\/\/www.w3.org\/2000\/svg\"><path d=\"M259.3 17.8L194 150.2 47.9 171.5c-26.2 3.8-36.7 36.1-17.7 54.6l105.7 103-25 145.5c-4.5 26.3 23.2 46 46.4 33.7L288 439.6l130.7 68.7c23.2 12.2 50.9-7.4 46.4-33.7l-25-145.5 105.7-103c19-18.5 8.5-50.8-17.7-54.6L382 150.2 316.7 17.8c-11.7-23.6-45.6-23.9-57.4 0z\"><\/path><\/svg><\/div>\n\t\t\t\t\t\t<\/span>\n\t\t<\/div>\n\t\t\t\t\t\t<\/div>\n\t\t\t\t<\/div>\n\t\t\t\t<div class=\"elementor-element elementor-element-df38836 elementor-widget elementor-widget-heading\" data-id=\"df38836\" data-element_type=\"widget\" id=\"auteur\" data-widget_type=\"heading.default\">\n\t\t\t\t<div class=\"elementor-widget-container\">\n\t\t\t\t\t<h2 class=\"elementor-heading-title elementor-size-default\">\u00c0 propos de l'auteur<\/h2>\t\t\t\t<\/div>\n\t\t\t\t<\/div>\n\t\t<div class=\"elementor-element elementor-element-787e239 e-con-full e-flex e-con e-child\" data-id=\"787e239\" data-element_type=\"container\">\n\t\t<div class=\"elementor-element elementor-element-09c05ca e-con-full e-flex e-con e-child\" data-id=\"09c05ca\" data-element_type=\"container\">\n\t\t\t\t<div class=\"elementor-element elementor-element-3d890cd elementor-widget elementor-widget-image\" data-id=\"3d890cd\" data-element_type=\"widget\" data-widget_type=\"image.default\">\n\t\t\t\t<div class=\"elementor-widget-container\">\n\t\t\t\t\t\t\t\t\t\t\t\t\t\t\t<img decoding=\"async\" src=\"https:\/\/thibaudflury.fr\/wp-content\/uploads\/2025\/06\/portrait-resize.jpg\" title=\"portrait-resize\" alt=\"portrait-resize\" loading=\"lazy\" \/>\t\t\t\t\t\t\t\t\t\t\t\t\t\t\t<\/div>\n\t\t\t\t<\/div>\n\t\t\t\t<\/div>\n\t\t<div class=\"elementor-element elementor-element-10bec31 e-con-full e-flex e-con e-child\" data-id=\"10bec31\" data-element_type=\"container\">\n\t\t\t\t<div class=\"elementor-element elementor-element-83c3872 elementor-widget elementor-widget-text-editor\" data-id=\"83c3872\" data-element_type=\"widget\" data-widget_type=\"text-editor.default\">\n\t\t\t\t<div class=\"elementor-widget-container\">\n\t\t\t\t\t\t\t\t\t<h3><span class=\"s1\" style=\"font-family: Montserrat; font-size: 16px; color: #e1e1e1;\">L\u2019\u00e9tat civil pr\u00e9tend que j\u2019ai d\u00e9pass\u00e9 la quarantaine depuis trop longtemps. Mari et papa, je vis au c\u0153ur des Alpes, quelque part entre Grenoble et Chamb\u00e9ry. Voil\u00e0 pour le r\u00e9sum\u00e9 officiel.<\/span><\/h3><h3 class=\"p1\"><span class=\"s1\" style=\"font-family: Montserrat; font-size: 16px; color: #e1e1e1;\">Le jour, je travaille pour un employeur du CAC 40. Apr\u00e8s avoir pass\u00e9 des ann\u00e9es \u00e0 flatter des tableaux Excel et organiser des r\u00e9unions st\u00e9riles, je chuchote d\u00e9sormais \u00e0 l\u2019oreille des ordinateurs. Pas toujours avec succ\u00e8s, mais j\u2019y retrouve un peu de la noblesse de l\u2019artisanat. Le besoin de produire quelque chose, de ma t\u00eate et de mes mains. Je code donc je suis.<\/span><\/h3><h3 class=\"p1\"><span class=\"s1\" style=\"font-family: Montserrat; font-size: 16px; color: #e1e1e1;\">La nuit, je lis, j\u2019\u00e9cris, je r\u00eave. J\u2019ai quarante-huit ans, mais toujours pas tr\u00e8s envie de grandir. Je poursuis mes aventures, \u00e0 pied, sur les sentiers, \u00e0 la recherche de ce frisson qu\u2019on appelle libert\u00e9. Et parfois, entre deux insomnies, je prends le temps coucher mes histoires sur le papier.<\/span><\/h3><h3 class=\"p1\"><span class=\"s1\" style=\"font-family: Montserrat; font-size: 16px; color: #e1e1e1;\">Ce livre est n\u00e9 de l\u2019envie de montrer que l\u2019UTMB n\u2019est pas qu\u2019une affaire d\u2019\u00e9lite. C\u2019est aussi une histoire de pers\u00e9v\u00e9rance ordinaire, de doutes, de famille, de pluie, de boue, de joies simples et de petits miracles. Si mon histoire peut donner envie \u00e0 d\u2019autres coureurs du dimanche de se lancer, alors il aura d\u00e9j\u00e0 rempli sa mission.<\/span><\/h3>\t\t\t\t\t\t\t\t<\/div>\n\t\t\t\t<\/div>\n\t\t\t\t<\/div>\n\t\t\t\t<\/div>\n\t\t\t\t\t<\/div>\n\t\t\t\t<\/div>\n\t\t<div class=\"elementor-element elementor-element-a27abb1 e-flex e-con-boxed e-con e-parent\" data-id=\"a27abb1\" data-element_type=\"container\">\n\t\t\t\t\t<div class=\"e-con-inner\">\n\t\t\t\t\t<\/div>\n\t\t\t\t<\/div>\n\t\t\t\t<\/div>\n\t\t","protected":false},"excerpt":{"rendered":"<p>les escargots aussi, r\u00eavent d&#8217;\u00e9toiles filantes Qu\u2019est-ce qui pousse un coureur amateur \u00e0 consacrer six mois de sa vie \u00e0 un caprice montagneux de 170\u00a0kilom\u00e8tres et 10\u00a0000\u00a0m\u00e8tres de d\u00e9nivel\u00e9\u00a0? Une obsession\u00a0? Une fuite\u00a0? Ou le besoin vital de trouver du sens gr\u00e2ce \u00e0 l\u2019inutile\u00a0? \u202fJe ne cours pas pour fuir. Je cours pour comprendre. Pour [&hellip;]<\/p>\n","protected":false},"author":2,"featured_media":0,"parent":0,"menu_order":0,"comment_status":"closed","ping_status":"closed","template":"elementor_header_footer","meta":{"_monsterinsights_skip_tracking":false,"_monsterinsights_sitenote_active":false,"_monsterinsights_sitenote_note":"","_monsterinsights_sitenote_category":0,"footnotes":""},"class_list":["post-52","page","type-page","status-publish","hentry","entry"],"_links":{"self":[{"href":"https:\/\/thibaudflury.fr\/index.php?rest_route=\/wp\/v2\/pages\/52","targetHints":{"allow":["GET"]}}],"collection":[{"href":"https:\/\/thibaudflury.fr\/index.php?rest_route=\/wp\/v2\/pages"}],"about":[{"href":"https:\/\/thibaudflury.fr\/index.php?rest_route=\/wp\/v2\/types\/page"}],"author":[{"embeddable":true,"href":"https:\/\/thibaudflury.fr\/index.php?rest_route=\/wp\/v2\/users\/2"}],"replies":[{"embeddable":true,"href":"https:\/\/thibaudflury.fr\/index.php?rest_route=%2Fwp%2Fv2%2Fcomments&post=52"}],"version-history":[{"count":161,"href":"https:\/\/thibaudflury.fr\/index.php?rest_route=\/wp\/v2\/pages\/52\/revisions"}],"predecessor-version":[{"id":485,"href":"https:\/\/thibaudflury.fr\/index.php?rest_route=\/wp\/v2\/pages\/52\/revisions\/485"}],"wp:attachment":[{"href":"https:\/\/thibaudflury.fr\/index.php?rest_route=%2Fwp%2Fv2%2Fmedia&parent=52"}],"curies":[{"name":"wp","href":"https:\/\/api.w.org\/{rel}","templated":true}]}}